{"id":7095,"date":"2024-08-14T11:57:34","date_gmt":"2024-08-14T09:57:34","guid":{"rendered":"http:\/\/helene-hamansen.local\/?post_type=product&#038;p=7095"},"modified":"2026-02-27T22:29:59","modified_gmt":"2026-02-27T21:29:59","slug":"jade-ring","status":"publish","type":"product","link":"https:\/\/www.helenehamansen.com\/de\/produkt\/jade-ring\/","title":{"rendered":"Jade Ring"},"content":{"rendered":"<p>One size US 6.<br \/>\nLogo eingraviert.<\/p>\n<p>Designed in der Schweiz. Hergestellt in Thailand.<\/p>\n<p><b>Ma\u00dfe:<\/b><br \/>\nB: 20 mm L: 19.5 mm<br \/>\nGewicht: 7 Gramm<\/p>\n<p><b>Zusammensetzung:<\/b><br \/>\nSilber 925 rhodiniert und Vermeil-Gold.<br \/>\nDie Steine sind Cubic Zirkonia.<\/p>\n","protected":false},"excerpt":{"rendered":"<p>One size US 6. Logo eingraviert. Designed in der Schweiz. Hergestellt in Thailand. Ma\u00dfe: B: 20 mm L: 19.5 mm Gewicht: 7 Gramm Zusammensetzung: Silber 925 rhodiniert und Vermeil-Gold. Die Steine sind Cubic Zirkonia.<\/p>\n","protected":false},"featured_media":9665,"comment_status":"open","ping_status":"closed","template":"","meta":{"_acf_changed":false,"_seopress_robots_primary_cat":"none","_seopress_titles_title":"Jade Cocktail Ring | Gold Vermeil oder Silber & Zirkonia","_seopress_titles_desc":"Cocktail Ring mit ovalf\u00f6rmige Steine. W\u00e4hl zwischen verschiedenen sch\u00f6nen Farben. Rhodolith, Lime, weiss. Geschenkideen . Hochzeitschmuck","_seopress_robots_index":"","inline_featured_image":false},"product_brand":[],"product_cat":[104,101,155],"product_tag":[],"class_list":{"0":"post-7095","1":"product","2":"type-product","3":"status-publish","4":"has-post-thumbnail","6":"product_cat-abendgarderobe","7":"product_cat-reiseschmuck","8":"product_cat-ringe","10":"first","11":"instock","12":"taxable","13":"shipping-taxable","14":"purchasable","15":"product-type-variable","16":"has-default-attributes"},"acf":[],"_links":{"self":[{"href":"https:\/\/www.helenehamansen.com\/de\/wp-json\/wp\/v2\/product\/7095","targetHints":{"allow":["GET"]}}],"collection":[{"href":"https:\/\/www.helenehamansen.com\/de\/wp-json\/wp\/v2\/product"}],"about":[{"href":"https:\/\/www.helenehamansen.com\/de\/wp-json\/wp\/v2\/types\/product"}],"replies":[{"embeddable":true,"href":"https:\/\/www.helenehamansen.com\/de\/wp-json\/wp\/v2\/comments?post=7095"}],"wp:featuredmedia":[{"embeddable":true,"href":"https:\/\/www.helenehamansen.com\/de\/wp-json\/wp\/v2\/media\/9665"}],"wp:attachment":[{"href":"https:\/\/www.helenehamansen.com\/de\/wp-json\/wp\/v2\/media?parent=7095"}],"wp:term":[{"taxonomy":"product_brand","embeddable":true,"href":"https:\/\/www.helenehamansen.com\/de\/wp-json\/wp\/v2\/product_brand?post=7095"},{"taxonomy":"product_cat","embeddable":true,"href":"https:\/\/www.helenehamansen.com\/de\/wp-json\/wp\/v2\/product_cat?post=7095"},{"taxonomy":"product_tag","embeddable":true,"href":"https:\/\/www.helenehamansen.com\/de\/wp-json\/wp\/v2\/product_tag?post=7095"}],"curies":[{"name":"wp","href":"https:\/\/api.w.org\/{rel}","templated":true}]}}