{"id":5161,"date":"2023-02-19T16:27:52","date_gmt":"2023-02-19T15:27:52","guid":{"rendered":"http:\/\/helene-hamansen.local\/?post_type=product&#038;p=5161"},"modified":"2024-10-04T10:07:01","modified_gmt":"2024-10-04T08:07:01","slug":"geschenkkarte","status":"publish","type":"product","link":"https:\/\/www.helenehamansen.com\/de\/produkt\/geschenkkarte\/","title":{"rendered":"Geschenkkarte"},"content":{"rendered":"<p>Wir bieten Geschenkkarten f\u00fcr die angezeigten Betr\u00e4ge an, die f\u00fcr jeden Artikel auf unserer Website verwendet werden k\u00f6nnen.<\/p>\n<p>Wir senden Ihnen einen Kuvert mit einer physischen Geschenkkarte mit einem einzigartigen Code, den Sie verschenken k\u00f6nnen.<\/p>\n<p>G\u00fcltig ein Jahr ab Kaufdatum.<\/p>\n<p>&nbsp;<\/p>\n","protected":false},"excerpt":{"rendered":"<p>Wir bieten Geschenkkarten f\u00fcr die angezeigten Betr\u00e4ge an, die f\u00fcr jeden Artikel auf unserer Website verwendet werden k\u00f6nnen. Wir senden Ihnen einen Kuvert mit einer physischen Geschenkkarte mit einem einzigartigen Code, den Sie verschenken k\u00f6nnen. G\u00fcltig ein Jahr ab Kaufdatum. &nbsp;<\/p>\n","protected":false},"featured_media":9580,"comment_status":"open","ping_status":"closed","template":"","meta":{"_acf_changed":false,"_seopress_robots_primary_cat":"none","_seopress_titles_title":"Geschenkkarte | Helene Hamansen Jewellery","_seopress_titles_desc":"Wir bieten Geschenkkarten f\u00fcr die angezeigten Betr\u00e4ge an, die f\u00fcr jeden Artikel auf unserer Website verwendet werden k\u00f6nnen.","_seopress_robots_index":"","inline_featured_image":false},"product_brand":[],"product_cat":[194,102,209],"product_tag":[],"class_list":{"0":"post-5161","1":"product","2":"type-product","3":"status-publish","4":"has-post-thumbnail","6":"product_cat-geschenkgutscheine","7":"product_cat-geschenkideen","8":"product_cat-gift-card","10":"first","11":"instock","12":"taxable","13":"shipping-taxable","14":"purchasable","15":"product-type-variable"},"acf":[],"_links":{"self":[{"href":"https:\/\/www.helenehamansen.com\/de\/wp-json\/wp\/v2\/product\/5161","targetHints":{"allow":["GET"]}}],"collection":[{"href":"https:\/\/www.helenehamansen.com\/de\/wp-json\/wp\/v2\/product"}],"about":[{"href":"https:\/\/www.helenehamansen.com\/de\/wp-json\/wp\/v2\/types\/product"}],"replies":[{"embeddable":true,"href":"https:\/\/www.helenehamansen.com\/de\/wp-json\/wp\/v2\/comments?post=5161"}],"wp:featuredmedia":[{"embeddable":true,"href":"https:\/\/www.helenehamansen.com\/de\/wp-json\/wp\/v2\/media\/9580"}],"wp:attachment":[{"href":"https:\/\/www.helenehamansen.com\/de\/wp-json\/wp\/v2\/media?parent=5161"}],"wp:term":[{"taxonomy":"product_brand","embeddable":true,"href":"https:\/\/www.helenehamansen.com\/de\/wp-json\/wp\/v2\/product_brand?post=5161"},{"taxonomy":"product_cat","embeddable":true,"href":"https:\/\/www.helenehamansen.com\/de\/wp-json\/wp\/v2\/product_cat?post=5161"},{"taxonomy":"product_tag","embeddable":true,"href":"https:\/\/www.helenehamansen.com\/de\/wp-json\/wp\/v2\/product_tag?post=5161"}],"curies":[{"name":"wp","href":"https:\/\/api.w.org\/{rel}","templated":true}]}}