{"id":2065,"date":"2023-03-24T17:26:21","date_gmt":"2023-03-24T16:26:21","guid":{"rendered":"https:\/\/helenehamansen.d4dcloud.com\/?post_type=product&#038;p=2065"},"modified":"2025-11-24T18:18:06","modified_gmt":"2025-11-24T17:18:06","slug":"chloe-ohrstecker","status":"publish","type":"product","link":"https:\/\/www.helenehamansen.com\/de\/produkt\/chloe-ohrstecker\/","title":{"rendered":"Chloe Ohrstecker"},"content":{"rendered":"<p>Post-Back-Verschluss f\u00fcr gepiercte Ohren.<br \/>\nSchmetterlingsverschluss.<br \/>\nLogo eingraviert.<br \/>\nKommen als Paar.<\/p>\n<p>Design in der Schweiz. Hergestellt in Thailand.<\/p>\n<p><strong>Ma\u00dfe:<\/strong><br \/>\nB: 12 mm L: 22 mm<br \/>\nGewicht: 6 Gramm pro Ohrring<\/p>\n<p><strong>Zusammensetzung:<\/strong><br \/>\nSilber 925 rhodiniert und Vermeil-Gold.<br \/>\nDie Steine sind Cubic Zirkonia.<\/p>\n","protected":false},"excerpt":{"rendered":"<p>Post-Back-Verschluss f\u00fcr gepiercte Ohren. Schmetterlingsverschluss. Logo eingraviert. Kommen als Paar. Design in der Schweiz. Hergestellt in Thailand. Ma\u00dfe: B: 12 mm L: 22 mm Gewicht: 6 Gramm pro Ohrring Zusammensetzung: Silber 925 rhodiniert und Vermeil-Gold. Die Steine sind Cubic Zirkonia.<\/p>\n","protected":false},"featured_media":9747,"comment_status":"open","ping_status":"closed","template":"","meta":{"_acf_changed":false,"_seopress_robots_primary_cat":"none","_seopress_titles_title":"Chloe Ohrstecker | Gold Vermeil oder Silber & Zirkonia","_seopress_titles_desc":"Marquis- und Birnenf\u00f6rmige Steine. W\u00e4hl zwischen verschiedenen sch\u00f6nen Farben. Rhodolith, Peridot, Smaragd. Geschenkideen. Hochzeitschmuck","_seopress_robots_index":"","inline_featured_image":false},"product_brand":[],"product_cat":[104,207,103,154,101],"product_tag":[],"class_list":{"0":"post-2065","1":"product","2":"type-product","3":"status-publish","4":"has-post-thumbnail","6":"product_cat-abendgarderobe","7":"product_cat-bestseller","8":"product_cat-brautschmuck","9":"product_cat-ohrringe","10":"product_cat-reiseschmuck","12":"first","13":"instock","14":"taxable","15":"shipping-taxable","16":"purchasable","17":"product-type-variable"},"acf":[],"_links":{"self":[{"href":"https:\/\/www.helenehamansen.com\/de\/wp-json\/wp\/v2\/product\/2065","targetHints":{"allow":["GET"]}}],"collection":[{"href":"https:\/\/www.helenehamansen.com\/de\/wp-json\/wp\/v2\/product"}],"about":[{"href":"https:\/\/www.helenehamansen.com\/de\/wp-json\/wp\/v2\/types\/product"}],"replies":[{"embeddable":true,"href":"https:\/\/www.helenehamansen.com\/de\/wp-json\/wp\/v2\/comments?post=2065"}],"wp:featuredmedia":[{"embeddable":true,"href":"https:\/\/www.helenehamansen.com\/de\/wp-json\/wp\/v2\/media\/9747"}],"wp:attachment":[{"href":"https:\/\/www.helenehamansen.com\/de\/wp-json\/wp\/v2\/media?parent=2065"}],"wp:term":[{"taxonomy":"product_brand","embeddable":true,"href":"https:\/\/www.helenehamansen.com\/de\/wp-json\/wp\/v2\/product_brand?post=2065"},{"taxonomy":"product_cat","embeddable":true,"href":"https:\/\/www.helenehamansen.com\/de\/wp-json\/wp\/v2\/product_cat?post=2065"},{"taxonomy":"product_tag","embeddable":true,"href":"https:\/\/www.helenehamansen.com\/de\/wp-json\/wp\/v2\/product_tag?post=2065"}],"curies":[{"name":"wp","href":"https:\/\/api.w.org\/{rel}","templated":true}]}}