{"id":2014,"date":"2023-03-24T16:38:50","date_gmt":"2023-03-24T15:38:50","guid":{"rendered":"https:\/\/helenehamansen.d4dcloud.com\/?post_type=product&#038;p=2014"},"modified":"2025-11-28T00:27:20","modified_gmt":"2025-11-27T23:27:20","slug":"emily-armband","status":"publish","type":"product","link":"https:\/\/www.helenehamansen.com\/de\/produkt\/emily-armband\/","title":{"rendered":"Emily Armband"},"content":{"rendered":"<p>Kastenverschluss.<br \/>\nLogo eingraviert.<\/p>\n<p>Gro\u00dfe I: Passt f\u00fcr Handgelenke bis zu etwa 16 cm Umfang.<br \/>\nGro\u00dfe II: Passt f\u00fcr Handgelenke bis zu etwa 19 cm Umfang.<\/p>\n<p>Teil eines Schmucksets.<\/p>\n<p>Designed in der Schweiz. Hergestellt in Thailand.<\/p>\n<p><strong>Ma\u00dfe:<\/strong><br \/>\nBreite des Armbands: 32 mm<br \/>\nGewicht: 55 Gramm f\u00fcr Gro\u00dfe I.<\/p>\n<p><strong>Zusammensetzung:<\/strong><br \/>\nSilber 925 rhodiniert und Vermeil-Gold.<br \/>\nDie Steine sind Cubic Zirkonia.<\/p>\n","protected":false},"excerpt":{"rendered":"<p>Kastenverschluss. Logo eingraviert. Gro\u00dfe I: Passt f\u00fcr Handgelenke bis zu etwa 16 cm Umfang. Gro\u00dfe II: Passt f\u00fcr Handgelenke bis zu etwa 19 cm Umfang. Teil eines Schmucksets. Designed in der Schweiz. Hergestellt in Thailand. Ma\u00dfe: Breite des Armbands: 32 mm Gewicht: 55 Gramm f\u00fcr Gro\u00dfe I. Zusammensetzung: Silber 925 rhodiniert und Vermeil-Gold. Die Steine [&hellip;]<\/p>\n","protected":false},"featured_media":9811,"comment_status":"open","ping_status":"closed","template":"","meta":{"_acf_changed":false,"_seopress_robots_primary_cat":"none","_seopress_titles_title":"Emily Armband | Gold Vermeil oder Silber & CZ","_seopress_titles_desc":"Armband aus Zirkonia in Marquis-Form. Teil eines Schmucksets. Statement-Schmuck. Peridot- und Citrinfarben. Geschenkideen. Teil eines Brautsets.","_seopress_robots_index":"","inline_featured_image":false},"product_brand":[],"product_cat":[104,152,103,101],"product_tag":[],"class_list":{"0":"post-2014","1":"product","2":"type-product","3":"status-publish","4":"has-post-thumbnail","6":"product_cat-abendgarderobe","7":"product_cat-armbaender","8":"product_cat-brautschmuck","9":"product_cat-reiseschmuck","11":"first","12":"instock","13":"taxable","14":"shipping-taxable","15":"purchasable","16":"product-type-variable"},"acf":[],"_links":{"self":[{"href":"https:\/\/www.helenehamansen.com\/de\/wp-json\/wp\/v2\/product\/2014","targetHints":{"allow":["GET"]}}],"collection":[{"href":"https:\/\/www.helenehamansen.com\/de\/wp-json\/wp\/v2\/product"}],"about":[{"href":"https:\/\/www.helenehamansen.com\/de\/wp-json\/wp\/v2\/types\/product"}],"replies":[{"embeddable":true,"href":"https:\/\/www.helenehamansen.com\/de\/wp-json\/wp\/v2\/comments?post=2014"}],"wp:featuredmedia":[{"embeddable":true,"href":"https:\/\/www.helenehamansen.com\/de\/wp-json\/wp\/v2\/media\/9811"}],"wp:attachment":[{"href":"https:\/\/www.helenehamansen.com\/de\/wp-json\/wp\/v2\/media?parent=2014"}],"wp:term":[{"taxonomy":"product_brand","embeddable":true,"href":"https:\/\/www.helenehamansen.com\/de\/wp-json\/wp\/v2\/product_brand?post=2014"},{"taxonomy":"product_cat","embeddable":true,"href":"https:\/\/www.helenehamansen.com\/de\/wp-json\/wp\/v2\/product_cat?post=2014"},{"taxonomy":"product_tag","embeddable":true,"href":"https:\/\/www.helenehamansen.com\/de\/wp-json\/wp\/v2\/product_tag?post=2014"}],"curies":[{"name":"wp","href":"https:\/\/api.w.org\/{rel}","templated":true}]}}