{"id":11418,"date":"2025-11-19T15:07:39","date_gmt":"2025-11-19T14:07:39","guid":{"rendered":"https:\/\/www.helenehamansen.com\/?post_type=product&#038;p=11418"},"modified":"2026-02-27T16:32:28","modified_gmt":"2026-02-27T15:32:28","slug":"margot-ohrhaenger","status":"publish","type":"product","link":"https:\/\/www.helenehamansen.com\/de\/produkt\/margot-ohrhaenger\/","title":{"rendered":"Margot Ohrh\u00e4nger"},"content":{"rendered":"<p>Ohrh\u00e4nger mit Cubic Zirconia und gez\u00fcchtete Su\u00dfwasserperlen.<\/p>\n<p>Post-Back-Verschluss f\u00fcr gepiercte Ohren.<br \/>\nSchmetterlingsverschluss.<br \/>\nLogo eingraviert.<br \/>\nKommen als Paar.<\/p>\n<p>Designed in der Schweiz. Hergestellt in Thailand.<\/p>\n<p><strong>Ma\u00dfe:<\/strong><br \/>\nB: 13 mm L: 40 mm<br \/>\nGewicht: X Gramm pro Ohrring<\/p>\n<p><strong>Zusammensetzung:<\/strong><br \/>\nSilber 925 rhodiniert und Vermeil-Gold.<br \/>\nDie Steine sind Cubic Zirkonia.<br \/>\nGez\u00fcchtete S\u00fc\u00dfwasserperlen.<\/p>\n<p>&nbsp;<\/p>\n","protected":false},"excerpt":{"rendered":"<p>Ohrh\u00e4nger mit Cubic Zirconia und gez\u00fcchtete Su\u00dfwasserperlen. Post-Back-Verschluss f\u00fcr gepiercte Ohren. Schmetterlingsverschluss. Logo eingraviert. Kommen als Paar. Designed in der Schweiz. Hergestellt in Thailand. Ma\u00dfe: B: 13 mm L: 40 mm Gewicht: X Gramm pro Ohrring Zusammensetzung: Silber 925 rhodiniert und Vermeil-Gold. Die Steine sind Cubic Zirkonia. Gez\u00fcchtete S\u00fc\u00dfwasserperlen. &nbsp;<\/p>\n","protected":false},"featured_media":11950,"comment_status":"open","ping_status":"closed","template":"","meta":{"_acf_changed":false,"_seopress_robots_primary_cat":"none","_seopress_titles_title":"Margot Ohrh\u00e4nger |\u00a0Gold Vermeil oder Silber & CZ","_seopress_titles_desc":"Ohrh\u00e4nger mit Cubic Zirconia und gez\u00fcchtete Su\u00dfwasserperlen.","_seopress_robots_index":"","inline_featured_image":false},"product_brand":[],"product_cat":[102,154],"product_tag":[],"class_list":{"0":"post-11418","1":"product","2":"type-product","3":"status-publish","4":"has-post-thumbnail","6":"product_cat-geschenkideen","7":"product_cat-ohrringe","9":"first","10":"instock","11":"taxable","12":"shipping-taxable","13":"purchasable","14":"product-type-variable"},"acf":[],"_links":{"self":[{"href":"https:\/\/www.helenehamansen.com\/de\/wp-json\/wp\/v2\/product\/11418","targetHints":{"allow":["GET"]}}],"collection":[{"href":"https:\/\/www.helenehamansen.com\/de\/wp-json\/wp\/v2\/product"}],"about":[{"href":"https:\/\/www.helenehamansen.com\/de\/wp-json\/wp\/v2\/types\/product"}],"replies":[{"embeddable":true,"href":"https:\/\/www.helenehamansen.com\/de\/wp-json\/wp\/v2\/comments?post=11418"}],"wp:featuredmedia":[{"embeddable":true,"href":"https:\/\/www.helenehamansen.com\/de\/wp-json\/wp\/v2\/media\/11950"}],"wp:attachment":[{"href":"https:\/\/www.helenehamansen.com\/de\/wp-json\/wp\/v2\/media?parent=11418"}],"wp:term":[{"taxonomy":"product_brand","embeddable":true,"href":"https:\/\/www.helenehamansen.com\/de\/wp-json\/wp\/v2\/product_brand?post=11418"},{"taxonomy":"product_cat","embeddable":true,"href":"https:\/\/www.helenehamansen.com\/de\/wp-json\/wp\/v2\/product_cat?post=11418"},{"taxonomy":"product_tag","embeddable":true,"href":"https:\/\/www.helenehamansen.com\/de\/wp-json\/wp\/v2\/product_tag?post=11418"}],"curies":[{"name":"wp","href":"https:\/\/api.w.org\/{rel}","templated":true}]}}