{"id":11344,"date":"2025-11-18T17:03:19","date_gmt":"2025-11-18T16:03:19","guid":{"rendered":"https:\/\/www.helenehamansen.com\/?post_type=product&#038;p=11344"},"modified":"2025-11-24T15:53:09","modified_gmt":"2025-11-24T14:53:09","slug":"serena-armband","status":"publish","type":"product","link":"https:\/\/www.helenehamansen.com\/de\/produkt\/serena-armband\/","title":{"rendered":"Serena Armband"},"content":{"rendered":"<p>Armband mit Gez\u00fcchtete Su\u00dfwasserperlen und Cubic Zirkonia.<\/p>\n<p>Kastenverschluss.<br \/>\nLogo eingraviert.<\/p>\n<p>Passt f\u00fcr Handgelenke bis zu etwa 17 cm Umfang.<\/p>\n<p>Designed in der Schweiz. Hergestellt in Thailand.<\/p>\n<p><strong>Ma\u00dfe:<\/strong><br \/>\nBreite des Armbands: 9 mm<br \/>\nGewicht: X Gramm<\/p>\n<p><strong>Zusammensetzung:<\/strong><br \/>\nSilber 925 rhodiniert und Vermeil-Gold.<br \/>\nDie Steine sind Cubic Zirkonia.<br \/>\nGez\u00fcchtete Su\u00dfwasserperlen.<\/p>\n","protected":false},"excerpt":{"rendered":"<p>Armband mit Gez\u00fcchtete Su\u00dfwasserperlen und Cubic Zirkonia. Kastenverschluss. Logo eingraviert. Passt f\u00fcr Handgelenke bis zu etwa 17 cm Umfang. Designed in der Schweiz. Hergestellt in Thailand. Ma\u00dfe: Breite des Armbands: 9 mm Gewicht: X Gramm Zusammensetzung: Silber 925 rhodiniert und Vermeil-Gold. Die Steine sind Cubic Zirkonia. Gez\u00fcchtete Su\u00dfwasserperlen.<\/p>\n","protected":false},"featured_media":11530,"comment_status":"open","ping_status":"closed","template":"","meta":{"_acf_changed":false,"_seopress_robots_primary_cat":"none","_seopress_titles_title":"Serena Armband | Gold Vermeil oder Silber & Zirkonia","_seopress_titles_desc":"Armband mit gez\u00fcchtete su\u00dfwasserperlen und CZ.","_seopress_robots_index":"","inline_featured_image":false},"product_brand":[],"product_cat":[104,152],"product_tag":[],"class_list":{"0":"post-11344","1":"product","2":"type-product","3":"status-publish","4":"has-post-thumbnail","6":"product_cat-abendgarderobe","7":"product_cat-armbaender","9":"first","10":"instock","11":"taxable","12":"shipping-taxable","13":"purchasable","14":"product-type-variable"},"acf":[],"_links":{"self":[{"href":"https:\/\/www.helenehamansen.com\/de\/wp-json\/wp\/v2\/product\/11344","targetHints":{"allow":["GET"]}}],"collection":[{"href":"https:\/\/www.helenehamansen.com\/de\/wp-json\/wp\/v2\/product"}],"about":[{"href":"https:\/\/www.helenehamansen.com\/de\/wp-json\/wp\/v2\/types\/product"}],"replies":[{"embeddable":true,"href":"https:\/\/www.helenehamansen.com\/de\/wp-json\/wp\/v2\/comments?post=11344"}],"wp:featuredmedia":[{"embeddable":true,"href":"https:\/\/www.helenehamansen.com\/de\/wp-json\/wp\/v2\/media\/11530"}],"wp:attachment":[{"href":"https:\/\/www.helenehamansen.com\/de\/wp-json\/wp\/v2\/media?parent=11344"}],"wp:term":[{"taxonomy":"product_brand","embeddable":true,"href":"https:\/\/www.helenehamansen.com\/de\/wp-json\/wp\/v2\/product_brand?post=11344"},{"taxonomy":"product_cat","embeddable":true,"href":"https:\/\/www.helenehamansen.com\/de\/wp-json\/wp\/v2\/product_cat?post=11344"},{"taxonomy":"product_tag","embeddable":true,"href":"https:\/\/www.helenehamansen.com\/de\/wp-json\/wp\/v2\/product_tag?post=11344"}],"curies":[{"name":"wp","href":"https:\/\/api.w.org\/{rel}","templated":true}]}}