{"id":11280,"date":"2025-11-18T15:43:17","date_gmt":"2025-11-18T14:43:17","guid":{"rendered":"https:\/\/www.helenehamansen.com\/?post_type=product&#038;p=11280"},"modified":"2026-02-27T22:42:55","modified_gmt":"2026-02-27T21:42:55","slug":"evita-ring","status":"publish","type":"product","link":"https:\/\/www.helenehamansen.com\/de\/produkt\/evita-ring\/","title":{"rendered":"Evita Ring"},"content":{"rendered":"<p>Designed in der Schweiz. Hergestellt in Thailand.<\/p>\n<p>Gro\u00dfe I: US Gro\u00dfe 5<br \/>\nGro\u00dfe II: US Gro\u00dfe 8<\/p>\n<p><b>Ma\u00dfe:<\/b><br \/>\nB: 25 mm<br \/>\nGewicht: X Gramm<\/p>\n<p><b>Zusammensetzung:<\/b><br \/>\nSilber 925 rhodiniert und Vermeil-Gold.<\/p>\n","protected":false},"excerpt":{"rendered":"<p>Designed in der Schweiz. Hergestellt in Thailand. Gro\u00dfe I: US Gro\u00dfe 5 Gro\u00dfe II: US Gro\u00dfe 8 Ma\u00dfe: B: 25 mm Gewicht: X Gramm Zusammensetzung: Silber 925 rhodiniert und Vermeil-Gold.<\/p>\n","protected":false},"featured_media":11457,"comment_status":"open","ping_status":"closed","template":"","meta":{"_acf_changed":false,"_seopress_robots_primary_cat":"none","_seopress_titles_title":"Evita Ring | Gold Vermeil oder Silber & Zirkonia","_seopress_titles_desc":"Ring aus rhodinertes sterling silber 925 oder gold vermeil","_seopress_robots_index":"","inline_featured_image":false},"product_brand":[],"product_cat":[207,146,101,155],"product_tag":[],"class_list":{"0":"post-11280","1":"product","2":"type-product","3":"status-publish","4":"has-post-thumbnail","6":"product_cat-bestseller","7":"product_cat-neuheiten","8":"product_cat-reiseschmuck","9":"product_cat-ringe","11":"first","12":"instock","13":"taxable","14":"shipping-taxable","15":"purchasable","16":"product-type-variable","17":"has-default-attributes"},"acf":[],"_links":{"self":[{"href":"https:\/\/www.helenehamansen.com\/de\/wp-json\/wp\/v2\/product\/11280","targetHints":{"allow":["GET"]}}],"collection":[{"href":"https:\/\/www.helenehamansen.com\/de\/wp-json\/wp\/v2\/product"}],"about":[{"href":"https:\/\/www.helenehamansen.com\/de\/wp-json\/wp\/v2\/types\/product"}],"replies":[{"embeddable":true,"href":"https:\/\/www.helenehamansen.com\/de\/wp-json\/wp\/v2\/comments?post=11280"}],"wp:featuredmedia":[{"embeddable":true,"href":"https:\/\/www.helenehamansen.com\/de\/wp-json\/wp\/v2\/media\/11457"}],"wp:attachment":[{"href":"https:\/\/www.helenehamansen.com\/de\/wp-json\/wp\/v2\/media?parent=11280"}],"wp:term":[{"taxonomy":"product_brand","embeddable":true,"href":"https:\/\/www.helenehamansen.com\/de\/wp-json\/wp\/v2\/product_brand?post=11280"},{"taxonomy":"product_cat","embeddable":true,"href":"https:\/\/www.helenehamansen.com\/de\/wp-json\/wp\/v2\/product_cat?post=11280"},{"taxonomy":"product_tag","embeddable":true,"href":"https:\/\/www.helenehamansen.com\/de\/wp-json\/wp\/v2\/product_tag?post=11280"}],"curies":[{"name":"wp","href":"https:\/\/api.w.org\/{rel}","templated":true}]}}