{"id":11240,"date":"2025-11-18T14:59:16","date_gmt":"2025-11-18T13:59:16","guid":{"rendered":"https:\/\/www.helenehamansen.com\/?post_type=product&#038;p=11240"},"modified":"2026-02-27T22:38:14","modified_gmt":"2026-02-27T21:38:14","slug":"inez-ring","status":"publish","type":"product","link":"https:\/\/www.helenehamansen.com\/de\/produkt\/inez-ring\/","title":{"rendered":"Inez Ring"},"content":{"rendered":"<p>Ring aus Goldperlen.<\/p>\n<p>Designed in der Schweiz. Hergestellt in Thailand.<\/p>\n<p>Gro\u00dfe I: US size 5<br \/>\nGro\u00dfe II: US size 8<b><br \/>\n<\/b><\/p>\n<p><b>Ma\u00dfe:<\/b><br \/>\nB: 10 mm<br \/>\nGewicht: X Gramm<\/p>\n<p><b>Zusammensetzung:<\/b><br \/>\nSilber 925 rhodiniert und Vermeil-Gold.<br \/>\nDie Steine sind Cubic Zirkonia.<\/p>\n","protected":false},"excerpt":{"rendered":"<p>Ring aus Goldperlen. Designed in der Schweiz. Hergestellt in Thailand. Gro\u00dfe I: US size 5 Gro\u00dfe II: US size 8 Ma\u00dfe: B: 10 mm Gewicht: X Gramm Zusammensetzung: Silber 925 rhodiniert und Vermeil-Gold. Die Steine sind Cubic Zirkonia.<\/p>\n","protected":false},"featured_media":11461,"comment_status":"open","ping_status":"closed","template":"","meta":{"_acf_changed":false,"_seopress_robots_primary_cat":"none","_seopress_titles_title":"Inez Ring | Gold Vermeil oder Silber & Zirkonia","_seopress_titles_desc":"Ring aus Goldperlen","_seopress_robots_index":"","inline_featured_image":false},"product_brand":[],"product_cat":[146,101,155],"product_tag":[],"class_list":{"0":"post-11240","1":"product","2":"type-product","3":"status-publish","4":"has-post-thumbnail","6":"product_cat-neuheiten","7":"product_cat-reiseschmuck","8":"product_cat-ringe","10":"first","11":"instock","12":"taxable","13":"shipping-taxable","14":"purchasable","15":"product-type-variable","16":"has-default-attributes"},"acf":[],"_links":{"self":[{"href":"https:\/\/www.helenehamansen.com\/de\/wp-json\/wp\/v2\/product\/11240","targetHints":{"allow":["GET"]}}],"collection":[{"href":"https:\/\/www.helenehamansen.com\/de\/wp-json\/wp\/v2\/product"}],"about":[{"href":"https:\/\/www.helenehamansen.com\/de\/wp-json\/wp\/v2\/types\/product"}],"replies":[{"embeddable":true,"href":"https:\/\/www.helenehamansen.com\/de\/wp-json\/wp\/v2\/comments?post=11240"}],"wp:featuredmedia":[{"embeddable":true,"href":"https:\/\/www.helenehamansen.com\/de\/wp-json\/wp\/v2\/media\/11461"}],"wp:attachment":[{"href":"https:\/\/www.helenehamansen.com\/de\/wp-json\/wp\/v2\/media?parent=11240"}],"wp:term":[{"taxonomy":"product_brand","embeddable":true,"href":"https:\/\/www.helenehamansen.com\/de\/wp-json\/wp\/v2\/product_brand?post=11240"},{"taxonomy":"product_cat","embeddable":true,"href":"https:\/\/www.helenehamansen.com\/de\/wp-json\/wp\/v2\/product_cat?post=11240"},{"taxonomy":"product_tag","embeddable":true,"href":"https:\/\/www.helenehamansen.com\/de\/wp-json\/wp\/v2\/product_tag?post=11240"}],"curies":[{"name":"wp","href":"https:\/\/api.w.org\/{rel}","templated":true}]}}