{"id":8409,"date":"2024-08-29T16:39:51","date_gmt":"2024-08-29T14:39:51","guid":{"rendered":"http:\/\/helene-hamansen.local\/?page_id=8409"},"modified":"2026-02-28T20:15:23","modified_gmt":"2026-02-28T19:15:23","slug":"pflege","status":"publish","type":"page","link":"https:\/\/www.helenehamansen.com\/de\/pflege\/","title":{"rendered":"Pflege"},"content":{"rendered":"\t\t<div data-elementor-type=\"wp-page\" data-elementor-id=\"8409\" class=\"elementor elementor-8409\" data-elementor-post-type=\"page\">\n\t\t\t\t<div class=\"elementor-element elementor-element-2c8e816c e-con-full e-grid e-con e-parent\" data-id=\"2c8e816c\" data-element_type=\"container\" data-e-type=\"container\" data-settings=\"{&quot;background_background&quot;:&quot;classic&quot;}\">\n\t\t<div class=\"elementor-element elementor-element-37874437 e-con-full e-grid e-con e-child\" data-id=\"37874437\" data-element_type=\"container\" data-e-type=\"container\">\n\t\t\t\t<div class=\"elementor-element elementor-element-46328874 elementor-invisible elementor-widget elementor-widget-text-editor\" data-id=\"46328874\" data-element_type=\"widget\" data-e-type=\"widget\" data-settings=\"{&quot;_animation&quot;:&quot;fadeInUp&quot;,&quot;_animation_delay&quot;:100}\" data-widget_type=\"text-editor.default\">\n\t\t\t\t<div class=\"elementor-widget-container\">\n\t\t\t\t\t\t\t\t\t<h1>Pflege<\/h1><p>Die Pflege Ihres Schmucks ist unerl\u00e4sslich, damit er lange gl\u00e4nzend und sch\u00f6n bleibt. Lesen Sie hier mehr dar\u00fcber, wie Sie Ihren Schmuck pflegen.<\/p>\t\t\t\t\t\t\t\t<\/div>\n\t\t\t\t<\/div>\n\t\t\t\t<div class=\"elementor-element elementor-element-139dc6ed elementor-invisible elementor-widget elementor-widget-image\" data-id=\"139dc6ed\" data-element_type=\"widget\" data-e-type=\"widget\" data-settings=\"{&quot;_animation&quot;:&quot;fadeInUp&quot;,&quot;_animation_delay&quot;:300}\" data-widget_type=\"image.default\">\n\t\t\t\t<div class=\"elementor-widget-container\">\n\t\t\t\t\t\t\t\t\t\t\t\t\t\t\t<img fetchpriority=\"high\" decoding=\"async\" width=\"1536\" height=\"1152\" src=\"https:\/\/www.helenehamansen.com\/wp-content\/uploads\/2024\/08\/HAMANSEN-JEWELLERY-MOOD-SHOOTS2097-1536x1152.jpg\" class=\"attachment-1536x1536 size-1536x1536 wp-image-8387\" alt=\"\" srcset=\"https:\/\/www.helenehamansen.com\/wp-content\/uploads\/2024\/08\/HAMANSEN-JEWELLERY-MOOD-SHOOTS2097-1536x1152.jpg 1536w, https:\/\/www.helenehamansen.com\/wp-content\/uploads\/2024\/08\/HAMANSEN-JEWELLERY-MOOD-SHOOTS2097-300x225.jpg 300w, https:\/\/www.helenehamansen.com\/wp-content\/uploads\/2024\/08\/HAMANSEN-JEWELLERY-MOOD-SHOOTS2097-768x576.jpg 768w, https:\/\/www.helenehamansen.com\/wp-content\/uploads\/2024\/08\/HAMANSEN-JEWELLERY-MOOD-SHOOTS2097-1024x768.jpg 1024w, https:\/\/www.helenehamansen.com\/wp-content\/uploads\/2024\/08\/HAMANSEN-JEWELLERY-MOOD-SHOOTS2097-2048x1536.jpg 2048w, https:\/\/www.helenehamansen.com\/wp-content\/uploads\/2024\/08\/HAMANSEN-JEWELLERY-MOOD-SHOOTS2097-1200x900.jpg 1200w\" sizes=\"(max-width: 1536px) 100vw, 1536px\" \/>\t\t\t\t\t\t\t\t\t\t\t\t\t\t\t<\/div>\n\t\t\t\t<\/div>\n\t\t\t\t<\/div>\n\t\t\t\t<\/div>\n\t\t<div class=\"elementor-element elementor-element-113b2d6 e-grid e-con-full e-con e-parent\" data-id=\"113b2d6\" data-element_type=\"container\" data-e-type=\"container\" data-settings=\"{&quot;background_background&quot;:&quot;classic&quot;}\">\n\t\t<div class=\"elementor-element elementor-element-749e48c7 e-con-full e-grid e-con e-child\" data-id=\"749e48c7\" data-element_type=\"container\" data-e-type=\"container\">\n\t\t\t\t<div class=\"elementor-element elementor-element-425e1fbd elementor-invisible elementor-widget elementor-widget-text-editor\" data-id=\"425e1fbd\" data-element_type=\"widget\" data-e-type=\"widget\" data-settings=\"{&quot;_animation&quot;:&quot;fadeInUp&quot;,&quot;_animation_delay&quot;:100}\" data-widget_type=\"text-editor.default\">\n\t\t\t\t<div class=\"elementor-widget-container\">\n\t\t\t\t\t\t\t\t\t<h2>Allgemein<\/h2><p>Wir empfehlen Ihnen, Ihren Schmuck sorgf\u00e4ltig zu behandeln, damit er auch nach l\u00e4ngerem Gebrauch noch gut aussieht. Als Faustregel gilt, dass Schmuck das Letzte sein sollte, was Sie morgens anlegen und das Erste, was Sie abends ablegen. Schminken und parf\u00fcmieren Sie sich bevor Sie den Schmuck anlegen, und vermeiden Sie es, damit zu schwimmen, zu duschen oder zu schlafen. Ringe sollten vor dem H\u00e4ndewaschen und vor der Verwendung von alkoholhaltigen Produkten wie antibakteriellen Gels und T\u00fcchern entfernt werden.<\/p>\t\t\t\t\t\t\t\t<\/div>\n\t\t\t\t<\/div>\n\t\t\t\t<div class=\"elementor-element elementor-element-4981a159 elementor-invisible elementor-widget elementor-widget-text-editor\" data-id=\"4981a159\" data-element_type=\"widget\" data-e-type=\"widget\" data-settings=\"{&quot;_animation&quot;:&quot;fadeInUp&quot;,&quot;_animation_delay&quot;:300}\" data-widget_type=\"text-editor.default\">\n\t\t\t\t<div class=\"elementor-widget-container\">\n\t\t\t\t\t\t\t\t\t<h2>Reinigung<\/h2><p>Aufgrund ihrer Legierungen k\u00f6nnen sogar Edelmetalle wie Gold und Silber mit der Zeit oxidieren, wodurch die Oberfl\u00e4che des Schmucks anl\u00e4uft. Die gute Nachricht ist, dass dies abpoliert werden kann, um den Glanz wiederherzustellen. Um dem Anlaufen vorzubeugen, empfehlen wir das Schmuckst\u00fcck mit einem Schmuckreiniger gem\u00e4ss den Anweisungen des Poliermittelherstellers zu behandeln. Um die Steine sauber zu halten, empfehlen wir, sie gelegentlich zu entkalken und rund um den Stein mit Sp\u00fclmittel und einer weichen B\u00fcrste zu b\u00fcrsten.<\/p><p>Wir raten von der Verwendung eines Ultraschall-Schmuckreinigers ab.<\/p>\t\t\t\t\t\t\t\t<\/div>\n\t\t\t\t<\/div>\n\t\t\t\t<div class=\"elementor-element elementor-element-6f263ad6 elementor-invisible elementor-widget elementor-widget-text-editor\" data-id=\"6f263ad6\" data-element_type=\"widget\" data-e-type=\"widget\" data-settings=\"{&quot;_animation&quot;:&quot;fadeInUp&quot;,&quot;_animation_delay&quot;:100}\" data-widget_type=\"text-editor.default\">\n\t\t\t\t<div class=\"elementor-widget-container\">\n\t\t\t\t\t\t\t\t\t<h2>Lagerung<\/h2><p>Auch die richtige Aufbewahrung des Schmucks tr\u00e4gt wesentlich dazu bei, dass er l\u00e4nger gl\u00e4nzend und kratzfrei bleibt. Lagern Sie Ihren Schmuck separat an einem dunklen, trockenen Ort, vorzugsweise in der Original-Verpackung, oder in separaten Beuteln f\u00fcr maximalen Schutz.<\/p>\t\t\t\t\t\t\t\t<\/div>\n\t\t\t\t<\/div>\n\t\t\t\t<div class=\"elementor-element elementor-element-5adec0d elementor-invisible elementor-widget elementor-widget-text-editor\" data-id=\"5adec0d\" data-element_type=\"widget\" data-e-type=\"widget\" data-settings=\"{&quot;_animation&quot;:&quot;fadeInUp&quot;,&quot;_animation_delay&quot;:100}\" data-widget_type=\"text-editor.default\">\n\t\t\t\t<div class=\"elementor-widget-container\">\n\t\t\t\t\t\t\t\t\t<h2>Ohrringe: Schmetterlingsverschl\u00fcsse<\/h2><p>Schmetterlingsverschl\u00fcsse sind mechanische Verschl\u00fcsse mit einem schmetterlingsf\u00f6rmigen Metallst\u00fcck mit zwei Schlaufen, die den Ohrring sicher halten. Schmetterlingsverschl\u00fcsse funktionieren durch die Reibung zwischen den beiden gebogenen \u201cFl\u00fcgeln\u201d des Schmetterlings und dem Ohrring. Der Verschluss gleitet \u00fcber den Ohrring und wird durch die Spannung der Schlaufen an Ort und Stelle gehalten. <strong>Nach wiederholtem Tragen k\u00f6nnen die Verschl\u00fcsse locker und nicht mehr so sicher wirken wie zuvor. Dies l\u00e4sst sich leicht beheben, indem Sie die \u201cFl\u00fcgel\u201d vorsichtig mit den Fingern zusammendr\u00fccken.<\/strong><\/p>\t\t\t\t\t\t\t\t<\/div>\n\t\t\t\t<\/div>\n\t\t\t\t<div class=\"elementor-element elementor-element-e4085ef elementor-widget elementor-widget-image\" data-id=\"e4085ef\" data-element_type=\"widget\" data-e-type=\"widget\" data-widget_type=\"image.default\">\n\t\t\t\t<div class=\"elementor-widget-container\">\n\t\t\t\t\t\t\t\t\t\t\t\t\t\t\t<img decoding=\"async\" width=\"250\" height=\"250\" src=\"https:\/\/www.helenehamansen.com\/wp-content\/uploads\/2025\/07\/Butterfly-lock-troubleshooting--250x250.jpg\" class=\"attachment-thumbnail size-thumbnail wp-image-11017\" alt=\"\" srcset=\"https:\/\/www.helenehamansen.com\/wp-content\/uploads\/2025\/07\/Butterfly-lock-troubleshooting--250x250.jpg 250w, https:\/\/www.helenehamansen.com\/wp-content\/uploads\/2025\/07\/Butterfly-lock-troubleshooting--100x100.jpg 100w\" sizes=\"(max-width: 250px) 100vw, 250px\" \/>\t\t\t\t\t\t\t\t\t\t\t\t\t\t\t<\/div>\n\t\t\t\t<\/div>\n\t\t\t\t<\/div>\n\t\t\t\t<\/div>\n\t\t\t\t<\/div>\n\t\t","protected":false},"excerpt":{"rendered":"<p>Pflege Die Pflege Ihres Schmucks ist unerl\u00e4sslich, damit er lange gl\u00e4nzend und sch\u00f6n bleibt. Lesen Sie hier mehr dar\u00fcber, wie Sie Ihren Schmuck pflegen. Allgemein Wir empfehlen Ihnen, Ihren Schmuck sorgf\u00e4ltig zu behandeln, damit er auch nach l\u00e4ngerem Gebrauch noch gut aussieht. Als Faustregel gilt, dass Schmuck das Letzte sein sollte, was Sie morgens anlegen [&hellip;]<\/p>\n","protected":false},"author":14,"featured_media":0,"parent":0,"menu_order":0,"comment_status":"closed","ping_status":"closed","template":"elementor_header_footer","meta":{"_acf_changed":false,"_seopress_robots_primary_cat":"","_seopress_titles_title":"","_seopress_titles_desc":"","_seopress_robots_index":"","inline_featured_image":false,"footnotes":""},"class_list":["post-8409","page","type-page","status-publish","hentry"],"acf":[],"_links":{"self":[{"href":"https:\/\/www.helenehamansen.com\/de\/wp-json\/wp\/v2\/pages\/8409","targetHints":{"allow":["GET"]}}],"collection":[{"href":"https:\/\/www.helenehamansen.com\/de\/wp-json\/wp\/v2\/pages"}],"about":[{"href":"https:\/\/www.helenehamansen.com\/de\/wp-json\/wp\/v2\/types\/page"}],"author":[{"embeddable":true,"href":"https:\/\/www.helenehamansen.com\/de\/wp-json\/wp\/v2\/users\/14"}],"replies":[{"embeddable":true,"href":"https:\/\/www.helenehamansen.com\/de\/wp-json\/wp\/v2\/comments?post=8409"}],"version-history":[{"count":33,"href":"https:\/\/www.helenehamansen.com\/de\/wp-json\/wp\/v2\/pages\/8409\/revisions"}],"predecessor-version":[{"id":12030,"href":"https:\/\/www.helenehamansen.com\/de\/wp-json\/wp\/v2\/pages\/8409\/revisions\/12030"}],"wp:attachment":[{"href":"https:\/\/www.helenehamansen.com\/de\/wp-json\/wp\/v2\/media?parent=8409"}],"curies":[{"name":"wp","href":"https:\/\/api.w.org\/{rel}","templated":true}]}}