{"id":8333,"date":"2024-08-29T11:04:02","date_gmt":"2024-08-29T09:04:02","guid":{"rendered":"http:\/\/helene-hamansen.local\/?page_id=8333"},"modified":"2024-10-21T11:21:31","modified_gmt":"2024-10-21T09:21:31","slug":"nachhaltigkeit","status":"publish","type":"page","link":"https:\/\/www.helenehamansen.com\/de\/nachhaltigkeit\/","title":{"rendered":"Nachhaltigkeit"},"content":{"rendered":"\t\t<div data-elementor-type=\"wp-page\" data-elementor-id=\"8333\" class=\"elementor elementor-8333\" data-elementor-post-type=\"page\">\n\t\t\t\t<div class=\"elementor-element elementor-element-77b85979 e-con-full e-grid e-con e-parent\" data-id=\"77b85979\" data-element_type=\"container\" data-e-type=\"container\" data-settings=\"{&quot;background_background&quot;:&quot;classic&quot;}\">\n\t\t<div class=\"elementor-element elementor-element-42fbf393 e-con-full e-grid e-con e-child\" data-id=\"42fbf393\" data-element_type=\"container\" data-e-type=\"container\">\n\t\t\t\t<div class=\"elementor-element elementor-element-4f9ab695 elementor-invisible elementor-widget elementor-widget-text-editor\" data-id=\"4f9ab695\" data-element_type=\"widget\" data-e-type=\"widget\" data-settings=\"{&quot;_animation&quot;:&quot;fadeInUp&quot;,&quot;_animation_delay&quot;:100}\" data-widget_type=\"text-editor.default\">\n\t\t\t\t<div class=\"elementor-widget-container\">\n\t\t\t\t\t\t\t\t\t<h1>Nachhaltigkeit<\/h1><p>Es ist uns wichtig, unsere Umwelt-Emissionen zu reduzieren und durch unsere Gesch\u00e4ftst\u00e4tigkeit zu verantwortungsvollen, sozialen Entwicklungen beizutragen. Wir unternehmen alle uns m\u00f6glichen Schritte, um diese nachhaltigen Zielsetzungen in unsere Vorgehensweise bei der Materialbeschaffung und der Auswahl unserer Partner einzubeziehen.<\/p>\t\t\t\t\t\t\t\t<\/div>\n\t\t\t\t<\/div>\n\t\t\t\t<div class=\"elementor-element elementor-element-7a638482 elementor-invisible elementor-widget elementor-widget-image\" data-id=\"7a638482\" data-element_type=\"widget\" data-e-type=\"widget\" data-settings=\"{&quot;_animation&quot;:&quot;fadeInUp&quot;,&quot;_animation_delay&quot;:300}\" data-widget_type=\"image.default\">\n\t\t\t\t<div class=\"elementor-widget-container\">\n\t\t\t\t\t\t\t\t\t\t\t\t\t\t\t<img fetchpriority=\"high\" decoding=\"async\" width=\"960\" height=\"721\" src=\"https:\/\/www.helenehamansen.com\/wp-content\/uploads\/2024\/08\/marco-j-haenssgen-50X3u1h1Brs-unsplash-1024x769.jpg\" class=\"attachment-large size-large wp-image-8337\" alt=\"\" srcset=\"https:\/\/www.helenehamansen.com\/wp-content\/uploads\/2024\/08\/marco-j-haenssgen-50X3u1h1Brs-unsplash-1024x769.jpg 1024w, https:\/\/www.helenehamansen.com\/wp-content\/uploads\/2024\/08\/marco-j-haenssgen-50X3u1h1Brs-unsplash-300x225.jpg 300w, https:\/\/www.helenehamansen.com\/wp-content\/uploads\/2024\/08\/marco-j-haenssgen-50X3u1h1Brs-unsplash-768x577.jpg 768w, https:\/\/www.helenehamansen.com\/wp-content\/uploads\/2024\/08\/marco-j-haenssgen-50X3u1h1Brs-unsplash-1536x1154.jpg 1536w, https:\/\/www.helenehamansen.com\/wp-content\/uploads\/2024\/08\/marco-j-haenssgen-50X3u1h1Brs-unsplash-1200x901.jpg 1200w, https:\/\/www.helenehamansen.com\/wp-content\/uploads\/2024\/08\/elementor\/thumbs\/marco-j-haenssgen-50X3u1h1Brs-unsplash-quoj81n0wksmyniowasg7wkxul0aj97eiu4g0oxr3k.jpg 800w, https:\/\/www.helenehamansen.com\/wp-content\/uploads\/2024\/08\/marco-j-haenssgen-50X3u1h1Brs-unsplash.jpg 1624w\" sizes=\"(max-width: 960px) 100vw, 960px\" \/>\t\t\t\t\t\t\t\t\t\t\t\t\t\t\t<\/div>\n\t\t\t\t<\/div>\n\t\t\t\t<\/div>\n\t\t\t\t<\/div>\n\t\t<div class=\"elementor-element elementor-element-23c9d0cf e-grid e-con-full e-con e-parent\" data-id=\"23c9d0cf\" data-element_type=\"container\" data-e-type=\"container\" data-settings=\"{&quot;background_background&quot;:&quot;classic&quot;}\">\n\t\t<div class=\"elementor-element elementor-element-28685d69 e-con-full e-grid e-con e-child\" data-id=\"28685d69\" data-element_type=\"container\" data-e-type=\"container\">\n\t\t\t\t<div class=\"elementor-element elementor-element-54222d1e elementor-invisible elementor-widget elementor-widget-text-editor\" data-id=\"54222d1e\" data-element_type=\"widget\" data-e-type=\"widget\" data-settings=\"{&quot;_animation&quot;:&quot;fadeInUp&quot;,&quot;_animation_delay&quot;:100}\" data-widget_type=\"text-editor.default\">\n\t\t\t\t<div class=\"elementor-widget-container\">\n\t\t\t\t\t\t\t\t\t<h2>Produktion<\/h2><p>Unser Schmuck wird in Thailand in einem familiengef\u00fchrten Unternehmen, das in europ\u00e4isch-thail\u00e4ndischem Besitz ist, hergestellt. Unser Partner h\u00e4lt sich strikt an alle lokalen Vorschriften zum Sozial- und Umweltschutz, und \u00fcbertrifft diese in den meisten F\u00e4llen sogar.<\/p><p>Wir setzen uns f\u00fcr eine verantwortungsvolle Lieferkette ein und pflegen einen engen Dialog mit dem Atelier.<\/p>\t\t\t\t\t\t\t\t<\/div>\n\t\t\t\t<\/div>\n\t\t\t\t<div class=\"elementor-element elementor-element-488787d elementor-invisible elementor-widget elementor-widget-text-editor\" data-id=\"488787d\" data-element_type=\"widget\" data-e-type=\"widget\" data-settings=\"{&quot;_animation&quot;:&quot;fadeInUp&quot;,&quot;_animation_delay&quot;:100}\" data-widget_type=\"text-editor.default\">\n\t\t\t\t<div class=\"elementor-widget-container\">\n\t\t\t\t\t\t\t\t\t<h2>Materialien<\/h2><p>Wir verwenden recyceltes Silber in unserer Produktion. Silber ist die Basis aller unserer Produkte. Die Verwendung von recyceltem Silber reduziert die mit unserer Produktion verbundenen CO2-Emissionen erheblich. Unser Ziel ist es, dass alle unsere verwendeten Metalle bis Ende 2027 recycelt sein m\u00fcssen, um unsere Emissionen weiter zu reduzieren.<\/p><p>Die in unserem Schmuck verwendeten Steine sind aus Cubic Zirconia (CZ). Das sind Kristalle, die im Labor hergestellt werden. Dies bedeutet, dass alle mit dem herk\u00f6mmlichen, nat\u00fcrlichen Steinabbau verbundenen Emissionen und Abfall vermieden werden.<\/p>\t\t\t\t\t\t\t\t<\/div>\n\t\t\t\t<\/div>\n\t\t\t\t<div class=\"elementor-element elementor-element-3d97f153 elementor-invisible elementor-widget elementor-widget-text-editor\" data-id=\"3d97f153\" data-element_type=\"widget\" data-e-type=\"widget\" data-settings=\"{&quot;_animation&quot;:&quot;fadeInUp&quot;,&quot;_animation_delay&quot;:100}\" data-widget_type=\"text-editor.default\">\n\t\t\t\t<div class=\"elementor-widget-container\">\n\t\t\t\t\t\t\t\t\t<h2>Verpackung &amp; Zubeh\u00f6r<\/h2><p>Unser Schmuck wird in \u00f6kologischen Schachteln aus FSC-zertifiziertem Karton und Papier mit Inneneinlagen aus recyceltem PET geliefert. Einige unserer Accessoires bestehen auch aus recycelten Materialien und wir suchen st\u00e4ndig nach nachhaltigen Alternativen, die wir in unsere Wertsch\u00f6pfungskette integrieren k\u00f6nnen.<\/p>\t\t\t\t\t\t\t\t<\/div>\n\t\t\t\t<\/div>\n\t\t\t\t<div class=\"elementor-element elementor-element-7f9e877 elementor-invisible elementor-widget elementor-widget-text-editor\" data-id=\"7f9e877\" data-element_type=\"widget\" data-e-type=\"widget\" data-settings=\"{&quot;_animation&quot;:&quot;fadeInUp&quot;,&quot;_animation_delay&quot;:100}\" data-widget_type=\"text-editor.default\">\n\t\t\t\t<div class=\"elementor-widget-container\">\n\t\t\t\t\t\t\t\t\t<h2>Versand<\/h2><p>Alle unsere Sendungen sind durch unsere Partnerschaft mit der Schweizerischen Post und deren \u00abPro-Klima\u00bb-Sendungen CO2-neutral.<\/p><p>Hier k\u00f6nnen Sie mehr dar\u00fcber lesen: <br \/><a href=\"https:\/\/post.ch\/klima\" target=\"_blank\" rel=\"noopener\">www.post.ch\/klima<\/a><\/p>\t\t\t\t\t\t\t\t<\/div>\n\t\t\t\t<\/div>\n\t\t\t\t<\/div>\n\t\t\t\t<\/div>\n\t\t\t\t<\/div>\n\t\t","protected":false},"excerpt":{"rendered":"<p>Nachhaltigkeit Es ist uns wichtig, unsere Umwelt-Emissionen zu reduzieren und durch unsere Gesch\u00e4ftst\u00e4tigkeit zu verantwortungsvollen, sozialen Entwicklungen beizutragen. Wir unternehmen alle uns m\u00f6glichen Schritte, um diese nachhaltigen Zielsetzungen in unsere Vorgehensweise bei der Materialbeschaffung und der Auswahl unserer Partner einzubeziehen. Produktion Unser Schmuck wird in Thailand in einem familiengef\u00fchrten Unternehmen, das in europ\u00e4isch-thail\u00e4ndischem Besitz ist, [&hellip;]<\/p>\n","protected":false},"author":14,"featured_media":0,"parent":0,"menu_order":0,"comment_status":"closed","ping_status":"closed","template":"elementor_header_footer","meta":{"_acf_changed":false,"_seopress_robots_primary_cat":"","_seopress_titles_title":"","_seopress_titles_desc":"","_seopress_robots_index":"","inline_featured_image":false,"footnotes":""},"class_list":["post-8333","page","type-page","status-publish","hentry"],"acf":[],"_links":{"self":[{"href":"https:\/\/www.helenehamansen.com\/de\/wp-json\/wp\/v2\/pages\/8333","targetHints":{"allow":["GET"]}}],"collection":[{"href":"https:\/\/www.helenehamansen.com\/de\/wp-json\/wp\/v2\/pages"}],"about":[{"href":"https:\/\/www.helenehamansen.com\/de\/wp-json\/wp\/v2\/types\/page"}],"author":[{"embeddable":true,"href":"https:\/\/www.helenehamansen.com\/de\/wp-json\/wp\/v2\/users\/14"}],"replies":[{"embeddable":true,"href":"https:\/\/www.helenehamansen.com\/de\/wp-json\/wp\/v2\/comments?post=8333"}],"version-history":[{"count":15,"href":"https:\/\/www.helenehamansen.com\/de\/wp-json\/wp\/v2\/pages\/8333\/revisions"}],"predecessor-version":[{"id":10612,"href":"https:\/\/www.helenehamansen.com\/de\/wp-json\/wp\/v2\/pages\/8333\/revisions\/10612"}],"wp:attachment":[{"href":"https:\/\/www.helenehamansen.com\/de\/wp-json\/wp\/v2\/media?parent=8333"}],"curies":[{"name":"wp","href":"https:\/\/api.w.org\/{rel}","templated":true}]}}