{"id":6573,"date":"2024-07-22T14:31:41","date_gmt":"2024-07-22T12:31:41","guid":{"rendered":"http:\/\/helene-hamansen.local\/?page_id=6573"},"modified":"2024-09-03T15:43:40","modified_gmt":"2024-09-03T13:43:40","slug":"unser-engagement","status":"publish","type":"page","link":"https:\/\/www.helenehamansen.com\/de\/unser-engagement\/","title":{"rendered":"Unser Engagement"},"content":{"rendered":"\t\t<div data-elementor-type=\"wp-page\" data-elementor-id=\"6573\" class=\"elementor elementor-6573\" data-elementor-post-type=\"page\">\n\t\t\t\t<div class=\"elementor-element elementor-element-2686a0e0 e-con-full e-grid e-con e-parent\" data-id=\"2686a0e0\" data-element_type=\"container\" data-e-type=\"container\" data-settings=\"{&quot;background_background&quot;:&quot;classic&quot;}\">\n\t\t<div class=\"elementor-element elementor-element-190aeaa7 e-con-full e-grid e-con e-child\" data-id=\"190aeaa7\" data-element_type=\"container\" data-e-type=\"container\">\n\t\t\t\t<div class=\"elementor-element elementor-element-6939c3d1 elementor-invisible elementor-widget elementor-widget-text-editor\" data-id=\"6939c3d1\" data-element_type=\"widget\" data-e-type=\"widget\" data-settings=\"{&quot;_animation&quot;:&quot;fadeInUp&quot;,&quot;_animation_delay&quot;:100}\" data-widget_type=\"text-editor.default\">\n\t\t\t\t<div class=\"elementor-widget-container\">\n\t\t\t\t\t\t\t\t\t<h1>UNSER ENGAGEMENT <span style=\"text-align: var(--text-align); background-color: var( --e-global-color-c696dce );\">F\u00dcR UNSEREN <\/span><span style=\"text-align: var(--text-align); background-color: var( --e-global-color-c696dce );\">KUNDEN<\/span><\/h1><p>Der Kern unserer Arbeit besteht darin, zeitlose Schmuckst\u00fccke von hoher Qualit\u00e4t zu schaffen, die unsere Kunden jahrelang sch\u00e4tzen k\u00f6nnen. Wir schaffen Statement-Schmuck aus hochwertigen Materialien, die l\u00e4nger halten und l\u00e4nger sch\u00f6n bleiben als nur ein paar Monate oder ein Jahr. Unsere Marke steht am Beginn eines Wandels, da wir in eine neue \u00c4ra des bewussten Konsums eintreten. Mit einer Vision, die \u00fcber Schmuck hinausgeht, feiern wir Individualit\u00e4t und Intuition und achten dabei auf eine verantwortungsvolle Lieferkette.<\/p>\t\t\t\t\t\t\t\t<\/div>\n\t\t\t\t<\/div>\n\t\t\t\t<div class=\"elementor-element elementor-element-18adfb37 elementor-invisible elementor-widget elementor-widget-image\" data-id=\"18adfb37\" data-element_type=\"widget\" data-e-type=\"widget\" data-settings=\"{&quot;_animation&quot;:&quot;fadeInUp&quot;,&quot;_animation_delay&quot;:300}\" data-widget_type=\"image.default\">\n\t\t\t\t<div class=\"elementor-widget-container\">\n\t\t\t\t\t\t\t\t\t\t\t\t\t\t\t<img fetchpriority=\"high\" decoding=\"async\" width=\"1536\" height=\"1152\" src=\"https:\/\/www.helenehamansen.com\/wp-content\/uploads\/2024\/08\/HAMANSEN-JEWELLERY-MOOD-SHOOTS2164-1536x1152.jpg\" class=\"attachment-1536x1536 size-1536x1536 wp-image-8299\" alt=\"\" srcset=\"https:\/\/www.helenehamansen.com\/wp-content\/uploads\/2024\/08\/HAMANSEN-JEWELLERY-MOOD-SHOOTS2164-1536x1152.jpg 1536w, https:\/\/www.helenehamansen.com\/wp-content\/uploads\/2024\/08\/HAMANSEN-JEWELLERY-MOOD-SHOOTS2164-300x225.jpg 300w, https:\/\/www.helenehamansen.com\/wp-content\/uploads\/2024\/08\/HAMANSEN-JEWELLERY-MOOD-SHOOTS2164-768x576.jpg 768w, https:\/\/www.helenehamansen.com\/wp-content\/uploads\/2024\/08\/HAMANSEN-JEWELLERY-MOOD-SHOOTS2164-1024x768.jpg 1024w, https:\/\/www.helenehamansen.com\/wp-content\/uploads\/2024\/08\/HAMANSEN-JEWELLERY-MOOD-SHOOTS2164-2048x1536.jpg 2048w, https:\/\/www.helenehamansen.com\/wp-content\/uploads\/2024\/08\/HAMANSEN-JEWELLERY-MOOD-SHOOTS2164-1200x900.jpg 1200w\" sizes=\"(max-width: 1536px) 100vw, 1536px\" \/>\t\t\t\t\t\t\t\t\t\t\t\t\t\t\t<\/div>\n\t\t\t\t<\/div>\n\t\t\t\t<\/div>\n\t\t\t\t<\/div>\n\t\t<div class=\"elementor-element elementor-element-a33b337 e-con-full e-grid e-con e-parent\" data-id=\"a33b337\" data-element_type=\"container\" data-e-type=\"container\" data-settings=\"{&quot;background_background&quot;:&quot;classic&quot;}\">\n\t\t<div class=\"elementor-element elementor-element-2816f9e e-con-full e-grid e-con e-child\" data-id=\"2816f9e\" data-element_type=\"container\" data-e-type=\"container\">\n\t\t\t\t<div class=\"elementor-element elementor-element-d385706 elementor-invisible elementor-widget elementor-widget-image\" data-id=\"d385706\" data-element_type=\"widget\" data-e-type=\"widget\" data-settings=\"{&quot;_animation&quot;:&quot;fadeInUp&quot;,&quot;_animation_delay&quot;:100}\" data-widget_type=\"image.default\">\n\t\t\t\t<div class=\"elementor-widget-container\">\n\t\t\t\t\t\t\t\t\t\t\t\t\t\t\t<img decoding=\"async\" width=\"1536\" height=\"1152\" src=\"https:\/\/www.helenehamansen.com\/wp-content\/uploads\/2024\/08\/HAMANSEN-JEWELLERY-MOOD-SHOOTS2122-1536x1152.jpg\" class=\"attachment-1536x1536 size-1536x1536 wp-image-8373\" alt=\"\" srcset=\"https:\/\/www.helenehamansen.com\/wp-content\/uploads\/2024\/08\/HAMANSEN-JEWELLERY-MOOD-SHOOTS2122-1536x1152.jpg 1536w, https:\/\/www.helenehamansen.com\/wp-content\/uploads\/2024\/08\/HAMANSEN-JEWELLERY-MOOD-SHOOTS2122-300x225.jpg 300w, https:\/\/www.helenehamansen.com\/wp-content\/uploads\/2024\/08\/HAMANSEN-JEWELLERY-MOOD-SHOOTS2122-768x576.jpg 768w, https:\/\/www.helenehamansen.com\/wp-content\/uploads\/2024\/08\/HAMANSEN-JEWELLERY-MOOD-SHOOTS2122-1024x768.jpg 1024w, https:\/\/www.helenehamansen.com\/wp-content\/uploads\/2024\/08\/HAMANSEN-JEWELLERY-MOOD-SHOOTS2122-2048x1536.jpg 2048w, https:\/\/www.helenehamansen.com\/wp-content\/uploads\/2024\/08\/HAMANSEN-JEWELLERY-MOOD-SHOOTS2122-1200x900.jpg 1200w\" sizes=\"(max-width: 1536px) 100vw, 1536px\" \/>\t\t\t\t\t\t\t\t\t\t\t\t\t\t\t<\/div>\n\t\t\t\t<\/div>\n\t\t\t\t<div class=\"elementor-element elementor-element-cbf6468 elementor-invisible elementor-widget elementor-widget-text-editor\" data-id=\"cbf6468\" data-element_type=\"widget\" data-e-type=\"widget\" data-settings=\"{&quot;_animation&quot;:&quot;fadeInUp&quot;,&quot;_animation_delay&quot;:300}\" data-widget_type=\"text-editor.default\">\n\t\t\t\t<div class=\"elementor-widget-container\">\n\t\t\t\t\t\t\t\t\t<h2>UNSER ENGAGEMENT GEGEN\u00dcBER DEM PLANETEN<\/h2><p>Unser Schmuck ist nicht nur sch\u00f6n, sondern er tr\u00e4gt auch unserem Planeten sorge \u2013 ein Beweis f\u00fcr unser Engagement in Nachhaltigkeit. Es ist f\u00fcr uns unerl\u00e4sslich, unsere Umweltbelastung zu reduzieren und durch unsere Gesch\u00e4ftst\u00e4tigkeit zu einer verantwortungsvollen sozialen Entwicklung beizutragen. Wir unternehmen alle m\u00f6glichen Schritte, um diese \u00dcberlegungen bei der Beschaffung und Auswahl unserer Gesch\u00e4ftspartner zu integrieren.<\/p>\t\t\t\t\t\t\t\t<\/div>\n\t\t\t\t<\/div>\n\t\t\t\t<\/div>\n\t\t\t\t<\/div>\n\t\t\t\t<\/div>\n\t\t","protected":false},"excerpt":{"rendered":"<p>UNSER ENGAGEMENT F\u00dcR UNSEREN KUNDEN Der Kern unserer Arbeit besteht darin, zeitlose Schmuckst\u00fccke von hoher Qualit\u00e4t zu schaffen, die unsere Kunden jahrelang sch\u00e4tzen k\u00f6nnen. Wir schaffen Statement-Schmuck aus hochwertigen Materialien, die l\u00e4nger halten und l\u00e4nger sch\u00f6n bleiben als nur ein paar Monate oder ein Jahr. Unsere Marke steht am Beginn eines Wandels, da wir in [&hellip;]<\/p>\n","protected":false},"author":1,"featured_media":0,"parent":0,"menu_order":0,"comment_status":"closed","ping_status":"closed","template":"elementor_header_footer","meta":{"_acf_changed":false,"_seopress_robots_primary_cat":"","_seopress_titles_title":"","_seopress_titles_desc":"","_seopress_robots_index":"","inline_featured_image":false,"footnotes":""},"class_list":["post-6573","page","type-page","status-publish","hentry"],"acf":[],"_links":{"self":[{"href":"https:\/\/www.helenehamansen.com\/de\/wp-json\/wp\/v2\/pages\/6573","targetHints":{"allow":["GET"]}}],"collection":[{"href":"https:\/\/www.helenehamansen.com\/de\/wp-json\/wp\/v2\/pages"}],"about":[{"href":"https:\/\/www.helenehamansen.com\/de\/wp-json\/wp\/v2\/types\/page"}],"author":[{"embeddable":true,"href":"https:\/\/www.helenehamansen.com\/de\/wp-json\/wp\/v2\/users\/1"}],"replies":[{"embeddable":true,"href":"https:\/\/www.helenehamansen.com\/de\/wp-json\/wp\/v2\/comments?post=6573"}],"version-history":[{"count":3,"href":"https:\/\/www.helenehamansen.com\/de\/wp-json\/wp\/v2\/pages\/6573\/revisions"}],"predecessor-version":[{"id":8990,"href":"https:\/\/www.helenehamansen.com\/de\/wp-json\/wp\/v2\/pages\/6573\/revisions\/8990"}],"wp:attachment":[{"href":"https:\/\/www.helenehamansen.com\/de\/wp-json\/wp\/v2\/media?parent=6573"}],"curies":[{"name":"wp","href":"https:\/\/api.w.org\/{rel}","templated":true}]}}