{"id":5601,"date":"2024-06-17T16:14:09","date_gmt":"2024-06-17T14:14:09","guid":{"rendered":"http:\/\/helene-hamansen.local\/?page_id=5601"},"modified":"2024-10-03T23:13:40","modified_gmt":"2024-10-03T21:13:40","slug":"material","status":"publish","type":"page","link":"https:\/\/www.helenehamansen.com\/de\/material\/","title":{"rendered":"Materialien"},"content":{"rendered":"\t\t<div data-elementor-type=\"wp-page\" data-elementor-id=\"5601\" class=\"elementor elementor-5601\" data-elementor-post-type=\"page\">\n\t\t\t\t<div class=\"elementor-element elementor-element-2c8e816c e-con-full e-grid e-con e-parent\" data-id=\"2c8e816c\" data-element_type=\"container\" data-e-type=\"container\" data-settings=\"{&quot;background_background&quot;:&quot;classic&quot;}\">\n\t\t<div class=\"elementor-element elementor-element-37874437 e-con-full e-grid e-con e-child\" data-id=\"37874437\" data-element_type=\"container\" data-e-type=\"container\">\n\t\t\t\t<div class=\"elementor-element elementor-element-46328874 elementor-invisible elementor-widget elementor-widget-text-editor\" data-id=\"46328874\" data-element_type=\"widget\" data-e-type=\"widget\" data-settings=\"{&quot;_animation&quot;:&quot;fadeInUp&quot;,&quot;_animation_delay&quot;:100}\" data-widget_type=\"text-editor.default\">\n\t\t\t\t<div class=\"elementor-widget-container\">\n\t\t\t\t\t\t\t\t\t<h1>Unsere Materialien<\/h1><p>In unserer Produktion verwenden wir nur Edelmetalle. Unsere Produkte sind in zwei Metallausf\u00fchrungen erh\u00e4ltlich; Gold-Vermeil und Sterlingsilber 925 mit Rhodium. Die Steine, die wir verwenden, sind Cubic Zirkonia.<\/p>\t\t\t\t\t\t\t\t<\/div>\n\t\t\t\t<\/div>\n\t\t\t\t<div class=\"elementor-element elementor-element-139dc6ed elementor-invisible elementor-widget elementor-widget-image\" data-id=\"139dc6ed\" data-element_type=\"widget\" data-e-type=\"widget\" data-settings=\"{&quot;_animation&quot;:&quot;fadeInUp&quot;,&quot;_animation_delay&quot;:300}\" data-widget_type=\"image.default\">\n\t\t\t\t<div class=\"elementor-widget-container\">\n\t\t\t\t\t\t\t\t\t\t\t\t\t\t\t<img fetchpriority=\"high\" decoding=\"async\" width=\"1536\" height=\"1154\" src=\"https:\/\/www.helenehamansen.com\/wp-content\/uploads\/2024\/09\/Helene-Hamansen_Materialien-1536x1154.jpg\" class=\"attachment-1536x1536 size-1536x1536 wp-image-8969\" alt=\"\" srcset=\"https:\/\/www.helenehamansen.com\/wp-content\/uploads\/2024\/09\/Helene-Hamansen_Materialien-1536x1154.jpg 1536w, https:\/\/www.helenehamansen.com\/wp-content\/uploads\/2024\/09\/Helene-Hamansen_Materialien-300x225.jpg 300w, https:\/\/www.helenehamansen.com\/wp-content\/uploads\/2024\/09\/Helene-Hamansen_Materialien-768x577.jpg 768w, https:\/\/www.helenehamansen.com\/wp-content\/uploads\/2024\/09\/Helene-Hamansen_Materialien-1024x769.jpg 1024w, https:\/\/www.helenehamansen.com\/wp-content\/uploads\/2024\/09\/Helene-Hamansen_Materialien-1200x901.jpg 1200w, https:\/\/www.helenehamansen.com\/wp-content\/uploads\/2024\/09\/Helene-Hamansen_Materialien.jpg 1624w\" sizes=\"(max-width: 1536px) 100vw, 1536px\" \/>\t\t\t\t\t\t\t\t\t\t\t\t\t\t\t<\/div>\n\t\t\t\t<\/div>\n\t\t\t\t<\/div>\n\t\t\t\t<\/div>\n\t\t<div class=\"elementor-element elementor-element-113b2d6 e-grid e-con-full e-con e-parent\" data-id=\"113b2d6\" data-element_type=\"container\" data-e-type=\"container\" data-settings=\"{&quot;background_background&quot;:&quot;classic&quot;}\">\n\t\t<div class=\"elementor-element elementor-element-749e48c7 e-con-full e-grid e-con e-child\" data-id=\"749e48c7\" data-element_type=\"container\" data-e-type=\"container\">\n\t\t\t\t<div class=\"elementor-element elementor-element-425e1fbd elementor-invisible elementor-widget elementor-widget-text-editor\" data-id=\"425e1fbd\" data-element_type=\"widget\" data-e-type=\"widget\" data-settings=\"{&quot;_animation&quot;:&quot;fadeInUp&quot;,&quot;_animation_delay&quot;:100}\" data-widget_type=\"text-editor.default\">\n\t\t\t\t<div class=\"elementor-widget-container\">\n\t\t\t\t\t\t\t\t\t<h2>Gold-Vermeil<\/h2><p>Gold-Vermeil ist ein juristischer Begriff f\u00fcr vergoldete St\u00fccke einer bestimmten Manufaktur. Die Hauptbestandteile davon sind, dass das verwendete Grundmaterial Sterlingsilber ist und dass die Vergoldung eine bestimmte Dicke hat. Im Vergleich zu Modeschmuck, der auf einer Basis aus unedlen Metallen wie Messing, Kupfer oder Stahl und mit nur einer sehr d\u00fcnnen Vergoldung hergestellt wird, garantieren St\u00fccke aus Gold-Vermeil dem Kunden, dass die St\u00fccke von h\u00f6herer Qualit\u00e4t sind.<\/p><p>Mit der richtigen Behandlung kann Schmuck aus Gold-Vermeil jahrelang halten und gl\u00e4nzen und ist somit eine hervorragende Alternative f\u00fcr die Herstellung von hochwertigem Modeschmuck.<\/p>\t\t\t\t\t\t\t\t<\/div>\n\t\t\t\t<\/div>\n\t\t\t\t<div class=\"elementor-element elementor-element-6f263ad6 elementor-invisible elementor-widget elementor-widget-text-editor\" data-id=\"6f263ad6\" data-element_type=\"widget\" data-e-type=\"widget\" data-settings=\"{&quot;_animation&quot;:&quot;fadeInUp&quot;,&quot;_animation_delay&quot;:100}\" data-widget_type=\"text-editor.default\">\n\t\t\t\t<div class=\"elementor-widget-container\">\n\t\t\t\t\t\t\t\t\t<h2>Cubic Zirkonia<\/h2><p>Cubic Zirkonia (CZ) ist ein im Labor hergestellter Kristall. CZ misst 8-8,5 von 10 auf der Mohs-Skala zur Messung der relativen H\u00e4rte von Edelsteinen. Die H\u00e4rte eines Diamanten misst 10 auf der gleichen Skala, wobei andere Edel- und Halbedelsteine wie Smaragd, Aquamarin und Topas etwa die gleiche H\u00e4rte wie CZ haben. CZ ist ein sehr langlebiger Stein. Seine gl\u00e4nzenden und funkelnden Eigenschaften sowie die Verf\u00fcgbarkeit einer Vielfalt von Farben, machen ihn zu einem bevorzugten Produkt bei gleichzeitig erschwinglichem Preis.<\/p><p>Alle unsere Schmuckst\u00fccke sind nickelfrei und allergikerfreundlich.<\/p>\t\t\t\t\t\t\t\t<\/div>\n\t\t\t\t<\/div>\n\t\t\t\t<div class=\"elementor-element elementor-element-4981a159 elementor-invisible elementor-widget elementor-widget-text-editor\" data-id=\"4981a159\" data-element_type=\"widget\" data-e-type=\"widget\" data-settings=\"{&quot;_animation&quot;:&quot;fadeInUp&quot;,&quot;_animation_delay&quot;:300}\" data-widget_type=\"text-editor.default\">\n\t\t\t\t<div class=\"elementor-widget-container\">\n\t\t\t\t\t\t\t\t\t<h2>Rhodinierter Sterlingsilber 925<\/h2><p>Unser Rhodium veredelter Silberschmuck wird mit Sterlingsilber 925 als Basis hergestellt und danach mit Rhodium \u00fcberzogen. Rhodium ist ein Edelmetall, das typischerweise wertvoller ist als Gold. Es verleiht dem Produkt ein gl\u00e4nzendes und funkelndes aussehen und ist gleichzeitig langlebig.<\/p>\t\t\t\t\t\t\t\t<\/div>\n\t\t\t\t<\/div>\n\t\t\t\t<div class=\"elementor-element elementor-element-2f7e2eb elementor-widget elementor-widget-text-editor\" data-id=\"2f7e2eb\" data-element_type=\"widget\" data-e-type=\"widget\" data-widget_type=\"text-editor.default\">\n\t\t\t\t<div class=\"elementor-widget-container\">\n\t\t\t\t\t\t\t\t\t<h2>Garantie<\/h2><p>Wir bieten Ihnen auf alle unsere Schmuckst\u00fccke eine Garantie von 2 Jahren. Sollte Ihr Schmuckst\u00fcck aufgrund eines Herstellungsfehlers besch\u00e4digt sein, ersetzen wir es Ihnen kostenlos, sofern Sie es innerhalb von 2 Jahren ab Kaufdatum an uns zur\u00fccksenden.<\/p>\t\t\t\t\t\t\t\t<\/div>\n\t\t\t\t<\/div>\n\t\t\t\t<\/div>\n\t\t\t\t<\/div>\n\t\t\t\t<\/div>\n\t\t","protected":false},"excerpt":{"rendered":"<p>Unsere Materialien In unserer Produktion verwenden wir nur Edelmetalle. Unsere Produkte sind in zwei Metallausf\u00fchrungen erh\u00e4ltlich; Gold-Vermeil und Sterlingsilber 925 mit Rhodium. Die Steine, die wir verwenden, sind Cubic Zirkonia. Gold-Vermeil Gold-Vermeil ist ein juristischer Begriff f\u00fcr vergoldete St\u00fccke einer bestimmten Manufaktur. Die Hauptbestandteile davon sind, dass das verwendete Grundmaterial Sterlingsilber ist und dass die [&hellip;]<\/p>\n","protected":false},"author":1,"featured_media":0,"parent":0,"menu_order":0,"comment_status":"closed","ping_status":"closed","template":"elementor_header_footer","meta":{"_acf_changed":false,"_seopress_robots_primary_cat":"","_seopress_titles_title":"","_seopress_titles_desc":"","_seopress_robots_index":"","inline_featured_image":false,"footnotes":""},"class_list":["post-5601","page","type-page","status-publish","hentry"],"acf":[],"_links":{"self":[{"href":"https:\/\/www.helenehamansen.com\/de\/wp-json\/wp\/v2\/pages\/5601","targetHints":{"allow":["GET"]}}],"collection":[{"href":"https:\/\/www.helenehamansen.com\/de\/wp-json\/wp\/v2\/pages"}],"about":[{"href":"https:\/\/www.helenehamansen.com\/de\/wp-json\/wp\/v2\/types\/page"}],"author":[{"embeddable":true,"href":"https:\/\/www.helenehamansen.com\/de\/wp-json\/wp\/v2\/users\/1"}],"replies":[{"embeddable":true,"href":"https:\/\/www.helenehamansen.com\/de\/wp-json\/wp\/v2\/comments?post=5601"}],"version-history":[{"count":19,"href":"https:\/\/www.helenehamansen.com\/de\/wp-json\/wp\/v2\/pages\/5601\/revisions"}],"predecessor-version":[{"id":10256,"href":"https:\/\/www.helenehamansen.com\/de\/wp-json\/wp\/v2\/pages\/5601\/revisions\/10256"}],"wp:attachment":[{"href":"https:\/\/www.helenehamansen.com\/de\/wp-json\/wp\/v2\/media?parent=5601"}],"curies":[{"name":"wp","href":"https:\/\/api.w.org\/{rel}","templated":true}]}}