{"id":1545,"date":"2022-12-14T13:30:10","date_gmt":"2022-12-14T12:30:10","guid":{"rendered":"https:\/\/helenehamansen.d4dcloud.com\/?page_id=1545"},"modified":"2024-09-03T16:46:06","modified_gmt":"2024-09-03T14:46:06","slug":"rueckgabe-umtausch","status":"publish","type":"page","link":"https:\/\/www.helenehamansen.com\/de\/rueckgabe-umtausch\/","title":{"rendered":"R\u00fcckgabe &#038; Umtausch"},"content":{"rendered":"\t\t<div data-elementor-type=\"wp-page\" data-elementor-id=\"1545\" class=\"elementor elementor-1545\" data-elementor-post-type=\"page\">\n\t\t\t\t<div class=\"elementor-element elementor-element-d63ad29 e-con-full e-flex e-con e-parent\" data-id=\"d63ad29\" data-element_type=\"container\" data-e-type=\"container\">\n\t\t<div class=\"elementor-element elementor-element-19f32d9 e-con-full e-flex e-con e-child\" data-id=\"19f32d9\" data-element_type=\"container\" data-e-type=\"container\">\n\t\t\t\t<div class=\"elementor-element elementor-element-6b9f466 elementor-widget elementor-widget-text-editor\" data-id=\"6b9f466\" data-element_type=\"widget\" data-e-type=\"widget\" data-widget_type=\"text-editor.default\">\n\t\t\t\t<div class=\"elementor-widget-container\">\n\t\t\t\t\t\t\t\t\t<p>Wir hoffen, dass Sie mit Ihrem Kauf bei uns zufrieden sind. Sollte dies nicht der Fall sein, werden wir unser M\u00f6glichstes tun, um Ihnen bei Ihrer R\u00fccksendung behilflich zu sein.<\/p><p>Jedes Produkt in seinem originalen, ungetragenen Zustand und noch in der Original-Cellophant\u00fcte versiegelt, kann innerhalb der unten aufgef\u00fchrten Fristen zur\u00fcckgegeben oder umgetauscht werden.<\/p><p>Bitte senden Sie uns eine E-Mail an <a href=\"mailto:hello@helenehamansen.com\">hello@helenehamansen.com<\/a> und wir helfen Ihnen bei Ihrer R\u00fccksendung oder Umtausch.<\/p><p>F\u00fcr Schweizer Kunden: Unge\u00f6ffnete, ungetragene St\u00fccke im Originalzustand k\u00f6nnen innerhalb von 14 Tagen nach dem Kauf an uns zur\u00fcckgesendet werden. Damit die R\u00fcckgabe oder ein Umtausch akzeptiert werden kann, muss das Aufklebersiegel unversehrt sein.<\/p><p>F\u00fcr internationale Kunden ausserhalb der Schweiz: Unge\u00f6ffnete, ungetragene St\u00fccke im innerhalb von 30 Tagen nach dem Kauf an uns zur\u00fcckgesendet werden. Damit die R\u00fcckgabe oder ein Umtausch akzeptiert werden kann, muss das Aufklebersiegel unversehrt sein.<\/p><p>Bitte beachten Sie: Bei R\u00fccksendungen und Umtausch bitten wir unsere Kunden die Kosten daf\u00fcr selber zu tragen.<\/p>\t\t\t\t\t\t\t\t<\/div>\n\t\t\t\t<\/div>\n\t\t\t\t<\/div>\n\t\t\t\t<\/div>\n\t\t\t\t<\/div>\n\t\t","protected":false},"excerpt":{"rendered":"<p>Wir hoffen, dass Sie mit Ihrem Kauf bei uns zufrieden sind. Sollte dies nicht der Fall sein, werden wir unser M\u00f6glichstes tun, um Ihnen bei Ihrer R\u00fccksendung behilflich zu sein. Jedes Produkt in seinem originalen, ungetragenen Zustand und noch in der Original-Cellophant\u00fcte versiegelt, kann innerhalb der unten aufgef\u00fchrten Fristen zur\u00fcckgegeben oder umgetauscht werden. Bitte senden [&hellip;]<\/p>\n","protected":false},"author":2,"featured_media":0,"parent":0,"menu_order":0,"comment_status":"closed","ping_status":"closed","template":"elementor_header_footer","meta":{"_acf_changed":false,"_seopress_robots_primary_cat":"","_seopress_titles_title":"","_seopress_titles_desc":"","_seopress_robots_index":"","inline_featured_image":false,"footnotes":""},"class_list":["post-1545","page","type-page","status-publish","hentry"],"acf":[],"_links":{"self":[{"href":"https:\/\/www.helenehamansen.com\/de\/wp-json\/wp\/v2\/pages\/1545","targetHints":{"allow":["GET"]}}],"collection":[{"href":"https:\/\/www.helenehamansen.com\/de\/wp-json\/wp\/v2\/pages"}],"about":[{"href":"https:\/\/www.helenehamansen.com\/de\/wp-json\/wp\/v2\/types\/page"}],"author":[{"embeddable":true,"href":"https:\/\/www.helenehamansen.com\/de\/wp-json\/wp\/v2\/users\/2"}],"replies":[{"embeddable":true,"href":"https:\/\/www.helenehamansen.com\/de\/wp-json\/wp\/v2\/comments?post=1545"}],"version-history":[{"count":13,"href":"https:\/\/www.helenehamansen.com\/de\/wp-json\/wp\/v2\/pages\/1545\/revisions"}],"predecessor-version":[{"id":9033,"href":"https:\/\/www.helenehamansen.com\/de\/wp-json\/wp\/v2\/pages\/1545\/revisions\/9033"}],"wp:attachment":[{"href":"https:\/\/www.helenehamansen.com\/de\/wp-json\/wp\/v2\/media?parent=1545"}],"curies":[{"name":"wp","href":"https:\/\/api.w.org\/{rel}","templated":true}]}}