{"id":1479,"date":"2022-12-13T22:41:10","date_gmt":"2022-12-13T21:41:10","guid":{"rendered":"https:\/\/helenehamansen.d4dcloud.com\/?page_id=1479"},"modified":"2024-09-03T16:52:25","modified_gmt":"2024-09-03T14:52:25","slug":"kundendienst","status":"publish","type":"page","link":"https:\/\/www.helenehamansen.com\/de\/kundendienst\/","title":{"rendered":"Kundendienst"},"content":{"rendered":"\t\t<div data-elementor-type=\"wp-page\" data-elementor-id=\"1479\" class=\"elementor elementor-1479\" data-elementor-post-type=\"page\">\n\t\t\t\t<div class=\"elementor-element elementor-element-4d29c019 e-con-full e-flex e-con e-parent\" data-id=\"4d29c019\" data-element_type=\"container\" data-e-type=\"container\">\n\t\t<div class=\"elementor-element elementor-element-3335dc64 e-con-full e-flex e-con e-child\" data-id=\"3335dc64\" data-element_type=\"container\" data-e-type=\"container\">\n\t\t\t\t<div class=\"elementor-element elementor-element-17fc2145 elementor-widget elementor-widget-text-editor\" data-id=\"17fc2145\" data-element_type=\"widget\" data-e-type=\"widget\" data-widget_type=\"text-editor.default\">\n\t\t\t\t<div class=\"elementor-widget-container\">\n\t\t\t\t\t\t\t\t\t<p>Fragen oder Ausk\u00fcnfte k\u00f6nnen \u00fcber die E-Mail Adresse <a href=\"mailto:hello@helenehamansen.com\">hello@helenehamansen.com<\/a>\u00a0an uns gesendet werden.<\/p><p>Wir werden Ihnen normalweise innerhalb von 1-3 Werktagen antworten. Bitte beachten Sie auch unsere\u00a0<a href=\"https:\/\/www.helenehamansen.com\/faq\/\">FAQ: H\u00e4ufig gestellte Fragen<\/a>\u00a0\u2013 vielleicht finden Sie dort die Antwort auf Ihre Frage!<\/p>\t\t\t\t\t\t\t\t<\/div>\n\t\t\t\t<\/div>\n\t\t\t\t<\/div>\n\t\t\t\t<\/div>\n\t\t\t\t<\/div>\n\t\t","protected":false},"excerpt":{"rendered":"<p>Fragen oder Ausk\u00fcnfte k\u00f6nnen \u00fcber die E-Mail Adresse hello@helenehamansen.com\u00a0an uns gesendet werden. Wir werden Ihnen normalweise innerhalb von 1-3 Werktagen antworten. Bitte beachten Sie auch unsere\u00a0FAQ: H\u00e4ufig gestellte Fragen\u00a0\u2013 vielleicht finden Sie dort die Antwort auf Ihre Frage!<\/p>\n","protected":false},"author":2,"featured_media":1036,"parent":0,"menu_order":0,"comment_status":"closed","ping_status":"closed","template":"elementor_header_footer","meta":{"_acf_changed":false,"_seopress_robots_primary_cat":"","_seopress_titles_title":"","_seopress_titles_desc":"","_seopress_robots_index":"","inline_featured_image":false,"footnotes":""},"class_list":["post-1479","page","type-page","status-publish","has-post-thumbnail","hentry"],"acf":[],"_links":{"self":[{"href":"https:\/\/www.helenehamansen.com\/de\/wp-json\/wp\/v2\/pages\/1479","targetHints":{"allow":["GET"]}}],"collection":[{"href":"https:\/\/www.helenehamansen.com\/de\/wp-json\/wp\/v2\/pages"}],"about":[{"href":"https:\/\/www.helenehamansen.com\/de\/wp-json\/wp\/v2\/types\/page"}],"author":[{"embeddable":true,"href":"https:\/\/www.helenehamansen.com\/de\/wp-json\/wp\/v2\/users\/2"}],"replies":[{"embeddable":true,"href":"https:\/\/www.helenehamansen.com\/de\/wp-json\/wp\/v2\/comments?post=1479"}],"version-history":[{"count":3,"href":"https:\/\/www.helenehamansen.com\/de\/wp-json\/wp\/v2\/pages\/1479\/revisions"}],"predecessor-version":[{"id":9049,"href":"https:\/\/www.helenehamansen.com\/de\/wp-json\/wp\/v2\/pages\/1479\/revisions\/9049"}],"wp:featuredmedia":[{"embeddable":true,"href":"https:\/\/www.helenehamansen.com\/de\/wp-json\/wp\/v2\/media\/1036"}],"wp:attachment":[{"href":"https:\/\/www.helenehamansen.com\/de\/wp-json\/wp\/v2\/media?parent=1479"}],"curies":[{"name":"wp","href":"https:\/\/api.w.org\/{rel}","templated":true}]}}